{"id":1045,"date":"2019-12-13T08:20:27","date_gmt":"2019-12-13T07:20:27","guid":{"rendered":"https:\/\/mapamundi.com.es\/ayuntamientos-consells-comarcals-diputaciones\/"},"modified":"2025-07-31T08:18:14","modified_gmt":"2025-07-31T07:18:14","slug":"ayuntamientos-consells-comarcals-diputaciones","status":"publish","type":"page","link":"https:\/\/mapamundi.com.es\/es\/ayuntamientos-consells-comarcals-diputaciones\/","title":{"rendered":"Ayuntamientos, Consells Comarcals, Diputaciones"},"content":{"rendered":"<p><div class=\"fusion-fullwidth fullwidth-box fusion-builder-row-1 fusion-flex-container fusion-parallax-none nonhundred-percent-fullwidth non-hundred-percent-height-scrolling lazyload\" style=\"--awb-border-radius-top-left:0px;--awb-border-radius-top-right:0px;--awb-border-radius-bottom-right:0px;--awb-border-radius-bottom-left:0px;--awb-padding-top:18%;--awb-background-size:cover;--awb-flex-wrap:wrap;\" data-bg=\"https:\/\/mapamundi.com.es\/wp-content\/uploads\/2025\/07\/SLIDER-CLIENTS.jpg\" ><div class=\"fusion-builder-row fusion-row fusion-flex-align-items-flex-start fusion-flex-content-wrap\" style=\"max-width:calc( 1100px + 0px );margin-left: calc(-0px \/ 2 );margin-right: calc(-0px \/ 2 );\"><div class=\"fusion-layout-column fusion_builder_column fusion-builder-column-0 fusion_builder_column_1_1 1_1 fusion-flex-column\" style=\"--awb-bg-size:cover;--awb-width-large:100%;--awb-margin-top-large:0px;--awb-spacing-right-large:0px;--awb-margin-bottom-large:0px;--awb-spacing-left-large:0px;--awb-width-medium:100%;--awb-spacing-right-medium:0px;--awb-spacing-left-medium:0px;--awb-width-small:100%;--awb-spacing-right-small:0px;--awb-spacing-left-small:0px;\"><div class=\"fusion-column-wrapper fusion-column-has-shadow fusion-flex-justify-content-flex-start fusion-content-layout-column\"><\/div><\/div><\/div><\/div><div class=\"fusion-fullwidth fullwidth-box fusion-builder-row-2 fusion-flex-container nonhundred-percent-fullwidth non-hundred-percent-height-scrolling\" style=\"--awb-border-radius-top-left:0px;--awb-border-radius-top-right:0px;--awb-border-radius-bottom-right:0px;--awb-border-radius-bottom-left:0px;--awb-padding-top:4%;--awb-background-color:var(--awb-color2);--awb-flex-wrap:wrap;\" ><div class=\"fusion-builder-row fusion-row fusion-flex-align-items-flex-start fusion-flex-content-wrap\" style=\"max-width:calc( 1100px + 0px );margin-left: calc(-0px \/ 2 );margin-right: calc(-0px \/ 2 );\"><div class=\"fusion-layout-column fusion_builder_column fusion-builder-column-1 fusion_builder_column_1_1 1_1 fusion-flex-column fusion-animated\" style=\"--awb-bg-size:cover;--awb-width-large:100%;--awb-margin-top-large:0px;--awb-spacing-right-large:0px;--awb-margin-bottom-large:60px;--awb-spacing-left-large:0px;--awb-width-medium:100%;--awb-spacing-right-medium:0px;--awb-spacing-left-medium:0px;--awb-width-small:100%;--awb-spacing-right-small:0px;--awb-spacing-left-small:0px;\" data-animationType=\"fadeInDown\" data-animationDuration=\"1.0\" data-animationOffset=\"top-into-view\"><div class=\"fusion-column-wrapper fusion-column-has-shadow fusion-flex-justify-content-flex-start fusion-content-layout-column\"><div class=\"fusion-title title fusion-title-1 fusion-sep-none fusion-title-center fusion-title-text fusion-title-size-two\"><h2 class=\"fusion-title-heading title-heading-center fusion-responsive-typography-calculated\" style=\"margin:0;--fontSize:60;line-height:1.5;\">Ajuntaments, Consells Comarcals, Diputacions<\/h2><\/div><div class=\"fusion-text fusion-text-1\"><p style=\"text-align: left;\">Hemos trabajado para Ayuntamientos, Consejos Comarcales, Diputaciones, Patronatos de Turismos, Mancomunidades, Asociaciones comerciales y Empresas. Todos ellos sensibles a la cultura, la tradici\u00f3n y el ocio familiar y popular. <\/p>\n<\/div><\/div><\/div><\/div><\/div><div class=\"fusion-fullwidth fullwidth-box fusion-builder-row-3 fusion-flex-container nonhundred-percent-fullwidth non-hundred-percent-height-scrolling\" style=\"--awb-border-radius-top-left:0px;--awb-border-radius-top-right:0px;--awb-border-radius-bottom-right:0px;--awb-border-radius-bottom-left:0px;--awb-padding-top:1%;--awb-background-color:var(--awb-color2);--awb-flex-wrap:wrap;\" ><div class=\"fusion-builder-row fusion-row fusion-flex-align-items-flex-start fusion-flex-content-wrap\" style=\"max-width:calc( 1100px + 0px );margin-left: calc(-0px \/ 2 );margin-right: calc(-0px \/ 2 );\"><div class=\"fusion-layout-column fusion_builder_column fusion-builder-column-2 fusion_builder_column_1_1 1_1 fusion-flex-column fusion-animated\" style=\"--awb-padding-bottom:39px;--awb-bg-size:cover;--awb-border-color:var(--awb-color6);--awb-border-top:0px;--awb-border-right:0px;--awb-border-bottom:2px;--awb-border-left:0px;--awb-border-style:solid;--awb-width-large:100%;--awb-margin-top-large:0px;--awb-spacing-right-large:0px;--awb-margin-bottom-large:60px;--awb-spacing-left-large:0px;--awb-width-medium:100%;--awb-spacing-right-medium:0px;--awb-spacing-left-medium:0px;--awb-width-small:100%;--awb-spacing-right-small:0px;--awb-spacing-left-small:0px;\" data-animationType=\"fadeInDown\" data-animationDuration=\"1.0\" data-animationOffset=\"top-into-view\"><div class=\"fusion-column-wrapper fusion-column-has-shadow fusion-flex-justify-content-flex-start fusion-content-layout-column\"><div class=\"fusion-title title fusion-title-2 fusion-sep-none fusion-title-text fusion-title-size-three\"><h3 class=\"fusion-title-heading title-heading-left fusion-responsive-typography-calculated\" style=\"margin:0;--fontSize:50;line-height:1.5;\"><p style=\"text-align: left;\"> Ferias, fiestas y eventos singulares<\/p><\/h3><\/div><div class=\"fusion-text fusion-text-2 awb-text-cols fusion-text-columns-2\" style=\"--awb-content-alignment:left;--awb-text-color:var(--awb-color7);--awb-columns:2;--awb-column-spacing:2em;--awb-column-min-width:100px;\"><p style=\"text-align: left;\">Agramunt, Aitona, Alcanar, Alcarr\u00e0s, Alguaire, Almacelles, Ametlla de Mar, L&#8217;, Angl\u00e8s, Arbeca, Argentera, L&#8217;, Art\u00e9s, Artesa de Segre, Associaci\u00f3 de Ve\u00efns del Barri del Farr\u00f3 de Barcelona, Associaci\u00f3 del Raval de Ciutat Vella de Barcelona, Aviny\u00f3, Barbens, Barber\u00e0 del Vall\u00e8s, Batea, Bellvei, Bellver de Cerdanya, Benabarre, Blancafort de Queralt, Breda, Bruc, El, Cabrils, Calaf, Calafell, Cabanes, Caldes de Malavella, Capellades, Cardona, Carme, Caseres, Casino de Tiana, Castej\u00f3n de Sos, Castellgal\u00ed, Castellol\u00ed, Castellet i la Gornal, Castellv\u00ed de la Marca, Cervell\u00f3, Cervera, Collbat\u00f3, Colldejou, Cooperativa Agr\u00edcola de Sant Jaume dels Domenys, Copons, Cubelles, Cunit, Esparreguera, Fatarella, La, Flix, Font-rub\u00ed, Fulleda, Girona, Guissona, els Hostalets de Pierola, Igualada, La Llacuna, Lleida, Llet ATO, Lli\u00e7\u00e0 de Vall, Llinars del Vall\u00e8s, Manresa, Marganell, Martorelles, Masquefa, Massalcoreig, Miquelets de Catalunya, Moi\u00e0, Monistrol de Montserrat, Montgat, Montmaneu, Montorn\u00e8s del Vall\u00e8s, Mont-r\u00e0s, Mont-roig del Camp, M\u00f3ra d&#8217;Ebre, Moros i Cristians de Crevillent, Mura, Navarcles, Nav\u00e0s, \u00d2dena, Olesa de Bonesvalls, Olesa de Montserrat, Olivella, Olost, Orp\u00ed, Os de Balaguer, Patronat Municipal de Comer\u00e7 i Turisme de Vilafranca del Pened\u00e8s, Pobla de Claramunt, La, Pobla de Segur, La, Pont de Suert, El, Pontils, Pujalt, Ripoll, Roca del Vall\u00e8s, La, Rubi\u00f3, Sant Antoni de Vilamajor, Sant Cebri\u00e0 de Vallalta, Sant Esteve de Palautordera, Sant Fruit\u00f3s de Bages, Sant Guim de Freixenet, Sant Iscle de Vallalta, Sant Joan de Vilatorrada, Sant Pere de Ribes, Sant Quint\u00ed de Mediona, Sant Ramon, Sant Salvador de Guardiola, Sant Vicen\u00e7 de Castellet, Santa Coloma de Farners, Santa Fe del Pened\u00e8s, Santa Margarida de Montbui, Selva del Camp, La, Solsona, Tallada, La, Taradell, Tarraco Arena Pla\u00e7a, Torre de Claramunt, La, Torre de l&#8217;Espanyol, La, Torrefeta i Florejacs, Torrelles de Llobregat, Tremp, Ull\u00e0, Vallirana, Valls, Verd\u00fa, Verges, Vilada, Vilaller, Vilagrassa, Vilanova del Cam\u00ed&#8230;<\/p>\n<\/div><\/div><\/div><div class=\"fusion-layout-column fusion_builder_column fusion-builder-column-3 fusion_builder_column_1_1 1_1 fusion-flex-column fusion-animated\" style=\"--awb-padding-bottom:39px;--awb-bg-size:cover;--awb-border-color:var(--awb-color6);--awb-border-top:0px;--awb-border-right:0px;--awb-border-bottom:2px;--awb-border-left:0px;--awb-border-style:solid;--awb-width-large:100%;--awb-margin-top-large:0px;--awb-spacing-right-large:0px;--awb-margin-bottom-large:60px;--awb-spacing-left-large:0px;--awb-width-medium:100%;--awb-spacing-right-medium:0px;--awb-spacing-left-medium:0px;--awb-width-small:100%;--awb-spacing-right-small:0px;--awb-spacing-left-small:0px;\" data-animationType=\"fadeInDown\" data-animationDuration=\"1.0\" data-animationOffset=\"top-into-view\"><div class=\"fusion-column-wrapper fusion-column-has-shadow fusion-flex-justify-content-flex-start fusion-content-layout-column\"><div class=\"fusion-title title fusion-title-3 fusion-sep-none fusion-title-text fusion-title-size-three\"><h3 class=\"fusion-title-heading title-heading-left fusion-responsive-typography-calculated\" style=\"margin:0;--fontSize:50;line-height:1.5;\">Proyectos tur\u00edsticos, campa\u00f1as de promoci\u00f3n y divulgaci\u00f3n publicitaria<\/h3><\/div><div class=\"fusion-text fusion-text-3 awb-text-cols fusion-text-columns-2\" style=\"--awb-content-alignment:left;--awb-text-color:var(--awb-color7);--awb-columns:2;--awb-column-spacing:2em;--awb-column-min-width:100px;\"><p style=\"text-align: left;\">Alcoletge, Aguilar de Segarra, Anglesola, Artesa de Segre, Associaci\u00f3 de Turisme de Vilanova de Sau, Aviny\u00f3, Balsareny, Baronia de Rialp, Bellcaire d&#8217;Urgell, Bellv\u00eds, Biosca, El Bruc, Caixa Manresa, Calaf, Calldetenes, Call\u00fas, Calonge de Segarra, Cardona, Carme, Casa Higinio, Castellnou de Bages, Castellol\u00ed, Cervera, Collbat\u00f3, Consell Comarcal de l&#8217;Anoia, Consell Comarcal de la Noguera, Consell Comarcal de la Segarra, Consell Comarcal de l&#8217;Urgell, Consorci de Turisme de l&#8217;Alta Anoia, Consorci de Turisme Vall de Sau-Collsacabra, Consorci de Promoci\u00f3 Tur\u00edstica i Comercial del Pont de Suert, Consorci Meandres del Ter, Diputaci\u00f3 de Barcelona, Diputaci\u00f3 de Lleida, Folgueroles, Fonollosa, Foradada, GIA, Generalitat de Catalunya, Gres Catal\u00e1n, Grues Nogu\u00e9s, Guissona, Hostal del Carme, IGP Torr\u00f3 d&#8217;Agramunt, ImpeVic, Ivorra, La Llacuna, Linyola, Llet ATO, Manlleu, Manresa, Masquefa, Massoteres, MKI Racing, La Molsosa, Nav\u00e0s, Olesa de Montserrat, Les Oluges, \u00d2dena, Or\u00eds, Orist\u00e0, Patronat de la Muntanya de Montserrat, Patronat de la Passi\u00f3 de Cervera, Patronat de la Tossa de Montbui, Patronat de Turisme de la Diputaci\u00f3 de Lleida, Pessebre Vivent de les Gunyoles, Pessebre Vivent de Sant Quint\u00ed de Mediona, Pla del Pened\u00e8s, Els Plans de Si\u00f3, El Pont de Suert, Portals de Montserrat, El Rantiner, Rajadell, Sallent, Sant Feliu Sasserra, Sant Guim de Freixenet, Sant Guim de la Plana, Sant Joan de Vilatorrada, Sant Juli\u00e0 de Vilatorta, Sant Mart\u00ed d&#8217;Albars, Sant Mateu de Bages, Sant Pere Sallavinera, Sant Quint\u00ed de Mediona, Sant Salvador de Guardiola, Santpedor, Santa Margarida de Montbui, Santa Maria de Corc\u00f3-l&#8217;Esquirol, S\u00faria, La Torre de Claramunt, Torrelles de Foix, Tarroja de Segarra, Tavertet, T\u00e9rmens, Tor\u00e0, Tornabous, Valls, Vilagrassa, Vilanova de Sau, Vilanova del Cam\u00ed, Vic, Vilaller&#8230;<\/p>\n<\/div><\/div><\/div><div class=\"fusion-layout-column fusion_builder_column fusion-builder-column-4 fusion_builder_column_1_1 1_1 fusion-flex-column fusion-animated\" style=\"--awb-padding-bottom:39px;--awb-bg-size:cover;--awb-border-color:var(--awb-color6);--awb-border-top:0px;--awb-border-right:0px;--awb-border-bottom:2px;--awb-border-left:0px;--awb-border-style:solid;--awb-width-large:100%;--awb-margin-top-large:0px;--awb-spacing-right-large:0px;--awb-margin-bottom-large:60px;--awb-spacing-left-large:0px;--awb-width-medium:100%;--awb-spacing-right-medium:0px;--awb-spacing-left-medium:0px;--awb-width-small:100%;--awb-spacing-right-small:0px;--awb-spacing-left-small:0px;\" data-animationType=\"fadeInDown\" data-animationDuration=\"1.0\" data-animationOffset=\"top-into-view\"><div class=\"fusion-column-wrapper fusion-column-has-shadow fusion-flex-justify-content-flex-start fusion-content-layout-column\"><div class=\"fusion-title title fusion-title-4 fusion-sep-none fusion-title-text fusion-title-size-three\"><h3 class=\"fusion-title-heading title-heading-left fusion-responsive-typography-calculated\" style=\"margin:0;--fontSize:50;line-height:1.5;\">Se\u00f1alizaciones tur\u00edstica, urbana y muse\u00edstica<\/h3><\/div><div class=\"fusion-text fusion-text-4\" style=\"--awb-content-alignment:left;--awb-text-color:var(--awb-color7);\"><p style=\"text-align: left;\">El Bruc, Calaf, Capellades, Carme, Castellol\u00ed, \u00d2dena, Consell Comarcal de l&#8217;Anoia, Masquefa, La Pobla de Claramunt, El Pont de Suert, Portals de Montserrat, Sant Guim de Freixenet, Vilagrassa&#8230;<\/p>\n<\/div><\/div><\/div><\/div><\/div><div class=\"fusion-fullwidth fullwidth-box fusion-builder-row-4 fusion-flex-container fusion-parallax-none nonhundred-percent-fullwidth non-hundred-percent-height-scrolling lazyload\" style=\"--awb-border-radius-top-left:0px;--awb-border-radius-top-right:0px;--awb-border-radius-bottom-right:0px;--awb-border-radius-bottom-left:0px;--awb-padding-top:90px;--awb-padding-bottom:90px;--awb-background-image:linear-gradient(0deg, var(--awb-color8) 0%,rgba(255,255,255,0) 100%);;--awb-background-size:cover;--awb-flex-wrap:wrap;\" data-bg=\"https:\/\/mapamundi.com.es\/wp-content\/uploads\/2025\/07\/profession_historiques_tradicionals.jpg\" data-bg-gradient=\"linear-gradient(0deg, var(--awb-color8) 0%,rgba(255,255,255,0) 100%)\" ><div class=\"fusion-builder-row fusion-row fusion-flex-align-items-stretch fusion-flex-content-wrap\" style=\"max-width:1144px;margin-left: calc(-4% \/ 2 );margin-right: calc(-4% \/ 2 );\"><div class=\"fusion-layout-column fusion_builder_column fusion-builder-column-5 fusion_builder_column_1_2 1_2 fusion-flex-column\" style=\"--awb-bg-size:cover;--awb-width-large:50%;--awb-margin-top-large:0px;--awb-spacing-right-large:3.84%;--awb-margin-bottom-large:0px;--awb-spacing-left-large:3.84%;--awb-width-medium:100%;--awb-spacing-right-medium:1.92%;--awb-spacing-left-medium:1.92%;--awb-width-small:100%;--awb-spacing-right-small:1.92%;--awb-spacing-left-small:1.92%;\"><div class=\"fusion-column-wrapper fusion-column-has-shadow fusion-flex-justify-content-flex-start fusion-content-layout-column\"><div class=\"fusion-title title fusion-title-5 fusion-sep-none fusion-title-text fusion-title-size-two\" style=\"--awb-text-color:var(--awb-color1);\"><h2 class=\"fusion-title-heading title-heading-left fusion-responsive-typography-calculated\" style=\"margin:0;--fontSize:60;line-height:0.75;\">Contacta con nosotros<\/h2><\/div><div class=\"fusion-text fusion-text-5\" style=\"--awb-text-color:var(--awb-color2);\"><p>\u00bfTienes un proyecto en mente o quieres m\u00e1s informaci\u00f3n sobre nuestros servicios? Estaremos encantados de ayudarte.<br \/>\ud83d\udc49 Ve a la p\u00e1gina de contacto para ponerte en contacto con nosotros.<\/p>\n<\/div><\/div><\/div><div class=\"fusion-layout-column fusion_builder_column fusion-builder-column-6 fusion_builder_column_1_2 1_2 fusion-flex-column\" style=\"--awb-bg-size:cover;--awb-width-large:50%;--awb-margin-top-large:0px;--awb-spacing-right-large:3.84%;--awb-margin-bottom-large:0px;--awb-spacing-left-large:3.84%;--awb-width-medium:100%;--awb-spacing-right-medium:1.92%;--awb-spacing-left-medium:1.92%;--awb-width-small:100%;--awb-spacing-right-small:1.92%;--awb-spacing-left-small:1.92%;\"><div class=\"fusion-column-wrapper fusion-column-has-shadow fusion-flex-justify-content-center fusion-content-layout-column\"><div style=\"text-align:left;\"><a class=\"fusion-button button-flat button-xlarge button-custom fusion-button-default button-1 fusion-button-default-span fusion-button-default-type fusion-no-large-visibility\" style=\"--button_accent_color:var(--awb-color8);--button_border_color:var(--awb-color8);--button_accent_hover_color:var(--awb-color8);--button_border_hover_color:var(--awb-color8);--button_gradient_top_color:var(--awb-color4);--button_gradient_bottom_color:var(--awb-color4);--button_gradient_top_color_hover:var(--awb-color4);--button_gradient_bottom_color_hover:var(--awb-color4);\" target=\"_self\"><span class=\"fusion-button-text awb-button__text awb-button__text--default\">Contacta con nosotros<\/span><\/a><\/div><div style=\"text-align:right;\"><a class=\"fusion-button button-flat button-xlarge button-custom fusion-button-default button-2 fusion-button-default-span fusion-button-default-type fusion-no-small-visibility fusion-no-medium-visibility\" style=\"--button_accent_color:var(--awb-color8);--button_border_color:var(--awb-color8);--button_accent_hover_color:var(--awb-color8);--button_border_hover_color:var(--awb-color8);--button_gradient_top_color:var(--awb-color4);--button_gradient_bottom_color:var(--awb-color4);--button_gradient_top_color_hover:var(--awb-color4);--button_gradient_bottom_color_hover:var(--awb-color4);\" target=\"_self\" href=\"https:\/\/mapamundi.com.es\/es\/contacta-con-nosotros\/\"><span class=\"fusion-button-text awb-button__text awb-button__text--default\">Contacta con nosotros<\/span><\/a><\/div><\/div><\/div><\/div><\/div>\n<\/p>\n","protected":false},"excerpt":{"rendered":"","protected":false},"author":1,"featured_media":0,"parent":0,"menu_order":0,"comment_status":"closed","ping_status":"closed","template":"100-width.php","meta":{"footnotes":""},"class_list":["post-1045","page","type-page","status-publish","hentry"],"yoast_head":"<!-- This site is optimized with the Yoast SEO plugin v25.6 - https:\/\/yoast.com\/wordpress\/plugins\/seo\/ -->\n<title>Ayuntamientos, Consells Comarcals, Diputaciones - Mapamundi Productions<\/title>\n<meta name=\"description\" content=\"Hemos trabajado para ayuntamientos, consells comarcals, diputaciones... Todos sensibles a la cultura, la tradici\u00f3n y el ocio familiar.\" \/>\n<meta name=\"robots\" content=\"noindex, follow, max-snippet:-1, max-image-preview:large, max-video-preview:-1\" \/>\n<meta property=\"og:locale\" content=\"es_ES\" \/>\n<meta property=\"og:type\" content=\"article\" \/>\n<meta property=\"og:title\" content=\"Ayuntamientos, Consells Comarcals, Diputaciones - Mapamundi Productions\" \/>\n<meta property=\"og:description\" content=\"Hemos trabajado para ayuntamientos, consells comarcals, diputaciones... Todos sensibles a la cultura, la tradici\u00f3n y el ocio familiar.\" \/>\n<meta property=\"og:url\" content=\"https:\/\/mapamundi.com.es\/es\/ayuntamientos-consells-comarcals-diputaciones\/\" \/>\n<meta property=\"og:site_name\" content=\"Mapamundi Productions\" \/>\n<meta property=\"article:modified_time\" content=\"2025-07-31T07:18:14+00:00\" \/>\n<meta name=\"twitter:card\" content=\"summary_large_image\" \/>\n<meta name=\"twitter:label1\" content=\"Tiempo de lectura\" \/>\n\t<meta name=\"twitter:data1\" content=\"4 minutos\" \/>\n<script type=\"application\/ld+json\" class=\"yoast-schema-graph\">{\"@context\":\"https:\/\/schema.org\",\"@graph\":[{\"@type\":\"WebPage\",\"@id\":\"https:\/\/mapamundi.com.es\/es\/ayuntamientos-consells-comarcals-diputaciones\/\",\"url\":\"https:\/\/mapamundi.com.es\/es\/ayuntamientos-consells-comarcals-diputaciones\/\",\"name\":\"Ayuntamientos, Consells Comarcals, Diputaciones - Mapamundi Productions\",\"isPartOf\":{\"@id\":\"https:\/\/mapamundi.com.es\/#website\"},\"datePublished\":\"2019-12-13T07:20:27+00:00\",\"dateModified\":\"2025-07-31T07:18:14+00:00\",\"description\":\"Hemos trabajado para ayuntamientos, consells comarcals, diputaciones... Todos sensibles a la cultura, la tradici\u00f3n y el ocio familiar.\",\"breadcrumb\":{\"@id\":\"https:\/\/mapamundi.com.es\/es\/ayuntamientos-consells-comarcals-diputaciones\/#breadcrumb\"},\"inLanguage\":\"es\",\"potentialAction\":[{\"@type\":\"ReadAction\",\"target\":[\"https:\/\/mapamundi.com.es\/es\/ayuntamientos-consells-comarcals-diputaciones\/\"]}]},{\"@type\":\"BreadcrumbList\",\"@id\":\"https:\/\/mapamundi.com.es\/es\/ayuntamientos-consells-comarcals-diputaciones\/#breadcrumb\",\"itemListElement\":[{\"@type\":\"ListItem\",\"position\":1,\"name\":\"Inici\",\"item\":\"https:\/\/mapamundi.com.es\/es\/\"},{\"@type\":\"ListItem\",\"position\":2,\"name\":\"Ayuntamientos, Consells Comarcals, Diputaciones\"}]},{\"@type\":\"WebSite\",\"@id\":\"https:\/\/mapamundi.com.es\/#website\",\"url\":\"https:\/\/mapamundi.com.es\/\",\"name\":\"Mapamundi Productions\",\"description\":\"Fires, festes, mercats, turisme i serveis culturals\",\"potentialAction\":[{\"@type\":\"SearchAction\",\"target\":{\"@type\":\"EntryPoint\",\"urlTemplate\":\"https:\/\/mapamundi.com.es\/?s={search_term_string}\"},\"query-input\":{\"@type\":\"PropertyValueSpecification\",\"valueRequired\":true,\"valueName\":\"search_term_string\"}}],\"inLanguage\":\"es\"}]}<\/script>\n<!-- \/ Yoast SEO plugin. -->","yoast_head_json":{"title":"Ayuntamientos, Consells Comarcals, Diputaciones - Mapamundi Productions","description":"Hemos trabajado para ayuntamientos, consells comarcals, diputaciones... Todos sensibles a la cultura, la tradici\u00f3n y el ocio familiar.","robots":{"index":"noindex","follow":"follow","max-snippet":"max-snippet:-1","max-image-preview":"max-image-preview:large","max-video-preview":"max-video-preview:-1"},"og_locale":"es_ES","og_type":"article","og_title":"Ayuntamientos, Consells Comarcals, Diputaciones - Mapamundi Productions","og_description":"Hemos trabajado para ayuntamientos, consells comarcals, diputaciones... Todos sensibles a la cultura, la tradici\u00f3n y el ocio familiar.","og_url":"https:\/\/mapamundi.com.es\/es\/ayuntamientos-consells-comarcals-diputaciones\/","og_site_name":"Mapamundi Productions","article_modified_time":"2025-07-31T07:18:14+00:00","twitter_card":"summary_large_image","twitter_misc":{"Tiempo de lectura":"4 minutos"},"schema":{"@context":"https:\/\/schema.org","@graph":[{"@type":"WebPage","@id":"https:\/\/mapamundi.com.es\/es\/ayuntamientos-consells-comarcals-diputaciones\/","url":"https:\/\/mapamundi.com.es\/es\/ayuntamientos-consells-comarcals-diputaciones\/","name":"Ayuntamientos, Consells Comarcals, Diputaciones - Mapamundi Productions","isPartOf":{"@id":"https:\/\/mapamundi.com.es\/#website"},"datePublished":"2019-12-13T07:20:27+00:00","dateModified":"2025-07-31T07:18:14+00:00","description":"Hemos trabajado para ayuntamientos, consells comarcals, diputaciones... Todos sensibles a la cultura, la tradici\u00f3n y el ocio familiar.","breadcrumb":{"@id":"https:\/\/mapamundi.com.es\/es\/ayuntamientos-consells-comarcals-diputaciones\/#breadcrumb"},"inLanguage":"es","potentialAction":[{"@type":"ReadAction","target":["https:\/\/mapamundi.com.es\/es\/ayuntamientos-consells-comarcals-diputaciones\/"]}]},{"@type":"BreadcrumbList","@id":"https:\/\/mapamundi.com.es\/es\/ayuntamientos-consells-comarcals-diputaciones\/#breadcrumb","itemListElement":[{"@type":"ListItem","position":1,"name":"Inici","item":"https:\/\/mapamundi.com.es\/es\/"},{"@type":"ListItem","position":2,"name":"Ayuntamientos, Consells Comarcals, Diputaciones"}]},{"@type":"WebSite","@id":"https:\/\/mapamundi.com.es\/#website","url":"https:\/\/mapamundi.com.es\/","name":"Mapamundi Productions","description":"Fires, festes, mercats, turisme i serveis culturals","potentialAction":[{"@type":"SearchAction","target":{"@type":"EntryPoint","urlTemplate":"https:\/\/mapamundi.com.es\/?s={search_term_string}"},"query-input":{"@type":"PropertyValueSpecification","valueRequired":true,"valueName":"search_term_string"}}],"inLanguage":"es"}]}},"_links":{"self":[{"href":"https:\/\/mapamundi.com.es\/es\/wp-json\/wp\/v2\/pages\/1045","targetHints":{"allow":["GET"]}}],"collection":[{"href":"https:\/\/mapamundi.com.es\/es\/wp-json\/wp\/v2\/pages"}],"about":[{"href":"https:\/\/mapamundi.com.es\/es\/wp-json\/wp\/v2\/types\/page"}],"author":[{"embeddable":true,"href":"https:\/\/mapamundi.com.es\/es\/wp-json\/wp\/v2\/users\/1"}],"replies":[{"embeddable":true,"href":"https:\/\/mapamundi.com.es\/es\/wp-json\/wp\/v2\/comments?post=1045"}],"version-history":[{"count":2,"href":"https:\/\/mapamundi.com.es\/es\/wp-json\/wp\/v2\/pages\/1045\/revisions"}],"predecessor-version":[{"id":1058,"href":"https:\/\/mapamundi.com.es\/es\/wp-json\/wp\/v2\/pages\/1045\/revisions\/1058"}],"wp:attachment":[{"href":"https:\/\/mapamundi.com.es\/es\/wp-json\/wp\/v2\/media?parent=1045"}],"curies":[{"name":"wp","href":"https:\/\/api.w.org\/{rel}","templated":true}]}}